{"id":959,"date":"2025-04-09T04:37:31","date_gmt":"2025-04-09T04:37:31","guid":{"rendered":"https:\/\/naturelcilt.com\/?post_type=product&#038;p=959"},"modified":"2026-01-21T19:21:14","modified_gmt":"2026-01-21T19:21:14","slug":"yaslanma-karsiti-yenileyici-cilt-bakim-serumu","status":"publish","type":"product","link":"https:\/\/naturelcilt.com\/index.php\/product\/yaslanma-karsiti-yenileyici-cilt-bakim-serumu\/","title":{"rendered":"Zeytin Han\u0131m Beauty Ya\u015flanma Kar\u015f\u0131t\u0131 Yenileyici Cilt Bak\u0131m Serumu \/ (%75 Skualen \u0130\u00e7erir) \/ 30ml"},"content":{"rendered":"\t\t<div data-elementor-type=\"wp-post\" data-elementor-id=\"959\" class=\"elementor elementor-959\">\n\t\t\t\t<div class=\"elementor-element elementor-element-c97b14a e-flex e-con-boxed e-con e-parent\" data-id=\"c97b14a\" data-element_type=\"container\">\n\t\t\t\t\t<div class=\"e-con-inner\">\n\t\t\t\t<div class=\"elementor-element elementor-element-f8f7655 elementor-widget elementor-widget-wdt-advanced-heading\" data-id=\"f8f7655\" data-element_type=\"widget\" data-settings=\"{&quot;wdt_enable_inview_status&quot;:&quot;true&quot;,&quot;wdt_animation_effect&quot;:&quot;none&quot;}\" data-widget_type=\"wdt-advanced-heading.default\">\n\t\t\t\t<div class=\"elementor-widget-container\">\n\t\t\t\t\t<div class=\"wdt-heading-holder\" data-id=\"f8f7655\"><\/div>\t\t\t\t<\/div>\n\t\t\t\t<\/div>\n\t\t\t\t<div class=\"elementor-element elementor-element-a2cb5ea elementor-widget elementor-widget-wdt-shop-related-products\" data-id=\"a2cb5ea\" data-element_type=\"widget\" data-settings=\"{&quot;carousel_slidesperview&quot;:&quot;3&quot;,&quot;carousel_slidesperview_laptop&quot;:&quot;4&quot;,&quot;carousel_slidesperview_tablet_extra&quot;:&quot;3&quot;,&quot;carousel_slidesperview_tablet&quot;:&quot;2&quot;,&quot;carousel_slidesperview_mobile_extra&quot;:&quot;2&quot;,&quot;carousel_slidesperview_mobile&quot;:1,&quot;wdt_animation_effect&quot;:&quot;none&quot;}\" data-widget_type=\"wdt-shop-related-products.default\">\n\t\t\t\t<div class=\"elementor-widget-container\">\n\t\t\t\t\tPlease provide product id to display corresponding data!\t\t\t\t<\/div>\n\t\t\t\t<\/div>\n\t\t\t\t\t<\/div>\n\t\t\t\t<\/div>\n\t\t<div class=\"elementor-element elementor-element-f511e8c e-flex e-con-boxed e-con e-parent\" data-id=\"f511e8c\" data-element_type=\"container\">\n\t\t\t\t\t<div class=\"e-con-inner\">\n\t\t\t\t<div class=\"elementor-element elementor-element-41f8738 elementor-widget elementor-widget-wdt-advanced-heading\" data-id=\"41f8738\" data-element_type=\"widget\" data-settings=\"{&quot;wdt_enable_inview_status&quot;:&quot;true&quot;,&quot;wdt_animation_effect&quot;:&quot;none&quot;}\" data-widget_type=\"wdt-advanced-heading.default\">\n\t\t\t\t<div class=\"elementor-widget-container\">\n\t\t\t\t\t<div class=\"wdt-heading-holder\" data-id=\"41f8738\"><\/div>\t\t\t\t<\/div>\n\t\t\t\t<\/div>\n\t\t\t\t<div class=\"elementor-element elementor-element-74129a9 elementor-widget elementor-widget-wdt-shop-related-products\" data-id=\"74129a9\" data-element_type=\"widget\" data-settings=\"{&quot;carousel_slidesperview&quot;:&quot;3&quot;,&quot;carousel_slidesperview_laptop&quot;:&quot;4&quot;,&quot;carousel_slidesperview_tablet_extra&quot;:&quot;3&quot;,&quot;carousel_slidesperview_tablet&quot;:&quot;2&quot;,&quot;carousel_slidesperview_mobile_extra&quot;:&quot;2&quot;,&quot;carousel_slidesperview_mobile&quot;:1,&quot;wdt_animation_effect&quot;:&quot;none&quot;}\" data-widget_type=\"wdt-shop-related-products.default\">\n\t\t\t\t<div class=\"elementor-widget-container\">\n\t\t\t\t\tPlease provide product id to display corresponding data!\t\t\t\t<\/div>\n\t\t\t\t<\/div>\n\t\t\t\t\t<\/div>\n\t\t\t\t<\/div>\n\t\t\t\t<\/div>\n\t\t","protected":false},"excerpt":{"rendered":"<p>Ya\u015flanma Kar\u015f\u0131t\u0131 Yenileyici Cilt Bak\u0131m Serumu:<\/p>\n<p>Y\u00fcksek Squalene (Skualen) oran\u0131 ile cildin daha parlak ve \u0131\u015f\u0131lt\u0131l\u0131 olmas\u0131n\u0131 destekler. G\u00fcnl\u00fck serumumuz, i\u00e7eri\u011findeki squalene ve ilave form\u00fcl\u00fc ile gelecekte olu\u015facak ya\u015flanma belirtilerine kar\u015f\u0131 \u00f6nlem al\u0131r, cildinizde s\u0131k\u0131la\u015fma olu\u015fturur, ton kayb\u0131n\u0131 \u00f6nler, kurulu\u011fu ve nem eksikli\u011fini minimize eder ve cildinize hak etti\u011fi \u0131\u015f\u0131lt\u0131y\u0131 geri kazand\u0131r\u0131r.<\/p>\n<p>Kullan\u0131m \u015eekli:<\/p>\n<p>Temiz cilde tamamen emilim sa\u011flay\u0131ncaya kadar masaj yaparak uygulay\u0131n\u0131z. G\u00fcnl\u00fck\u00a0 kullan\u0131ma uygundur. Tercihen sabah ve ak\u015fam olmak \u00fczere g\u00fcnde 2 defa uygulanmas\u0131 \u00f6nerilir.<\/p>\n<p>Uyar\u0131lar :<\/p>\n<p>Haricen kullan\u0131l\u0131r. Kullanmadan \u00f6nce bile\u011finizin i\u00e7 k\u0131sm\u0131nda test ediniz. Herhangi bir hassasiyet olu\u015fmuyorsa \u00fcr\u00fcn\u00fc kullanmaya devam ediniz. Beklenmeyen bir etki g\u00f6r\u00fcld\u00fc\u011f\u00fcnde doktora dan\u0131\u015f\u0131n\u0131z. \u00dcr\u00fcn i\u00e7eri\u011findeki herhangi bir maddeye kar\u015f\u0131 hassasiyeti olan ki\u015filerin kullanmas\u0131 tavsiye edilmez. G\u00f6z ile temas ettirmeyiniz, temas halinde bol su ile y\u0131kay\u0131n\u0131z. Serin ve kuru yerde muhafaza ediniz. \u00c7ocuklar\u0131n ula\u015famayaca\u011f\u0131 yerde saklay\u0131n\u0131z.<\/p>\n<p>\u0130\u00e7indekiler :<\/p>\n<p>Squalene,Capryl\u0131c\/Capr\u0131c Tr\u0131glycer\u0131de, Zea Mays Germ O\u0131l, Tr\u0131t\u0131cum Vulgare Germ O\u0131l, Chamom\u0131lla Recut\u0131ta Flower Extract, Calendula Off\u0131c\u0131nal\u0131s Flower Extract, S\u0131mmonds\u0131a Ch\u0131nens\u0131s Seed O\u0131l, Macadam\u0131a Tern\u0131fol\u0131a Seed O\u0131l, Tocopherol ,Panthenyl Tr\u0131acetate, Tocopheryl Acetate, Cananga Odorata Flower Oil.<\/p>\n<p>Squalene (Skualen) Nedir?<\/p>\n<p>Squalene (Skualen) hidrojen ve karbondan (C30 H50) olu\u015fan, doymam\u0131\u015f ya\u011f oran\u0131 y\u00fcksek bir hidrokarbondur. Cildimizin sebumunda do\u011fal olarak bulunan bu madde, h\u00fccrelerin yenilenmesinde ve cildin canl\u0131 kalmas\u0131nda b\u00fcy\u00fck rol oynar.<\/p>\n<p>Squalene\u00a0 (Skualen) yo\u011fun antioksidan \u00f6zelli\u011fi sayesinde\u00a0 Cildinizi d\u0131\u015f etkenlere kar\u015f\u0131 korur . Cildinizi yeniler, besler ve daha parlak g\u00f6r\u00fcnmesini\u00a0destekler.<\/p>\n","protected":false},"featured_media":2552,"comment_status":"open","ping_status":"closed","template":"","meta":[],"product_brand":[55],"product_cat":[65,34,36,40,129,130,67,66,68,64],"product_tag":[33,61,56,125,127,43,126,57,58,59,51,60,85],"class_list":{"0":"post-959","1":"product","2":"type-product","3":"status-publish","4":"has-post-thumbnail","6":"product_brand-zeytin-hanim-beauty","7":"product_cat-antiaging-etkili","8":"product_cat-body-lotions","9":"product_cat-cosmetics","10":"product_cat-face-mask","11":"product_cat-gunluk-bakim","12":"product_cat-hassas-ciltler","13":"product_cat-nemlendirici","14":"product_cat-skualen-icerikli","15":"product_cat-yaslanma-karsiti-onarici","16":"product_cat-yuz-bakimi","17":"product_tag-beauty","18":"product_tag-ciltbakimserumu","19":"product_tag-ciltbakimi","20":"product_tag-dogalciltbakimi","21":"product_tag-mousturizer","22":"product_tag-natural","23":"product_tag-nemlendirici","24":"product_tag-skincare","25":"product_tag-skualen","26":"product_tag-squalene","27":"product_tag-vitamin-c-serum","28":"product_tag-yaslanmakarsiti","29":"product_tag-zeytinhanimbeauty","32":"instock","33":"shipping-taxable","34":"product-type-external","35":"product-grid-view"},"aioseo_notices":[],"_links":{"self":[{"href":"https:\/\/naturelcilt.com\/index.php\/wp-json\/wp\/v2\/product\/959","targetHints":{"allow":["GET"]}}],"collection":[{"href":"https:\/\/naturelcilt.com\/index.php\/wp-json\/wp\/v2\/product"}],"about":[{"href":"https:\/\/naturelcilt.com\/index.php\/wp-json\/wp\/v2\/types\/product"}],"replies":[{"embeddable":true,"href":"https:\/\/naturelcilt.com\/index.php\/wp-json\/wp\/v2\/comments?post=959"}],"version-history":[{"count":19,"href":"https:\/\/naturelcilt.com\/index.php\/wp-json\/wp\/v2\/product\/959\/revisions"}],"predecessor-version":[{"id":4158,"href":"https:\/\/naturelcilt.com\/index.php\/wp-json\/wp\/v2\/product\/959\/revisions\/4158"}],"wp:featuredmedia":[{"embeddable":true,"href":"https:\/\/naturelcilt.com\/index.php\/wp-json\/wp\/v2\/media\/2552"}],"wp:attachment":[{"href":"https:\/\/naturelcilt.com\/index.php\/wp-json\/wp\/v2\/media?parent=959"}],"wp:term":[{"taxonomy":"product_brand","embeddable":true,"href":"https:\/\/naturelcilt.com\/index.php\/wp-json\/wp\/v2\/product_brand?post=959"},{"taxonomy":"product_cat","embeddable":true,"href":"https:\/\/naturelcilt.com\/index.php\/wp-json\/wp\/v2\/product_cat?post=959"},{"taxonomy":"product_tag","embeddable":true,"href":"https:\/\/naturelcilt.com\/index.php\/wp-json\/wp\/v2\/product_tag?post=959"}],"curies":[{"name":"wp","href":"https:\/\/api.w.org\/{rel}","templated":true}]}}