{"id":2669,"date":"2025-12-07T07:02:22","date_gmt":"2025-12-07T07:02:22","guid":{"rendered":"https:\/\/naturelcilt.com\/?post_type=product&#038;p=2669"},"modified":"2026-01-23T10:14:24","modified_gmt":"2026-01-23T10:14:24","slug":"yuksek-skualen-zeytinyagi","status":"publish","type":"product","link":"https:\/\/naturelcilt.com\/index.php\/product\/yuksek-skualen-zeytinyagi\/","title":{"rendered":"Zeytin Han\u0131m Beauty Y\u00fcksek Skualenli Zeytinya\u011f\u0131 \/ ( %10 Skualen)"},"content":{"rendered":"\t\t<div data-elementor-type=\"wp-post\" data-elementor-id=\"2669\" class=\"elementor elementor-2669\">\n\t\t\t\t<div class=\"elementor-element elementor-element-9f7959f e-flex e-con-boxed e-con e-parent\" data-id=\"9f7959f\" data-element_type=\"container\">\n\t\t\t\t\t<div class=\"e-con-inner\">\n\t\t\t\t<div class=\"elementor-element elementor-element-33d6c1b elementor-widget elementor-widget-wdt-advanced-heading\" data-id=\"33d6c1b\" data-element_type=\"widget\" data-settings=\"{&quot;wdt_enable_inview_status&quot;:&quot;true&quot;,&quot;wdt_animation_effect&quot;:&quot;none&quot;}\" data-widget_type=\"wdt-advanced-heading.default\">\n\t\t\t\t<div class=\"elementor-widget-container\">\n\t\t\t\t\t<div class=\"wdt-heading-holder\" data-id=\"33d6c1b\"><\/div>\t\t\t\t<\/div>\n\t\t\t\t<\/div>\n\t\t\t\t<div class=\"elementor-element elementor-element-9416c91 elementor-widget elementor-widget-wdt-shop-related-products\" data-id=\"9416c91\" data-element_type=\"widget\" data-settings=\"{&quot;carousel_slidesperview&quot;:&quot;3&quot;,&quot;carousel_slidesperview_laptop&quot;:&quot;4&quot;,&quot;carousel_slidesperview_tablet_extra&quot;:&quot;3&quot;,&quot;carousel_slidesperview_tablet&quot;:&quot;2&quot;,&quot;carousel_slidesperview_mobile_extra&quot;:&quot;2&quot;,&quot;carousel_slidesperview_mobile&quot;:1,&quot;wdt_animation_effect&quot;:&quot;none&quot;}\" data-widget_type=\"wdt-shop-related-products.default\">\n\t\t\t\t<div class=\"elementor-widget-container\">\n\t\t\t\t\tPlease provide product id to display corresponding data!\t\t\t\t<\/div>\n\t\t\t\t<\/div>\n\t\t\t\t\t<\/div>\n\t\t\t\t<\/div>\n\t\t\t\t<\/div>\n\t\t","protected":false},"excerpt":{"rendered":"<p>Cildimizi do\u011fal bir \u015fekilde dengede tutmaya destek olmak \u00f6nemlidir. Bu nedenle sizlerle, skualeni y\u00fcksek olan Naturel S\u0131zma Zeytinya\u011f\u0131m\u0131z\u0131 tan\u0131\u015ft\u0131rmak istedik. Bu \u00fcr\u00fcn\u00fcm\u00fcz\u00fcn i\u00e7erisinde yaln\u0131zca Polifenol\u00fc y\u00fcksek zeytinya\u011f\u0131m\u0131z ve skualen bulunmaktad\u0131r.<\/p>\n<p>Bu ya\u011f G\u00fcney Ege zeytinlerinden, zeytin ye\u015fil iken, teker teker elle toplanarak ve en fazla 4 saat i\u00e7inde so\u011fuk s\u0131k\u0131m y\u00f6ntemi kullan\u0131larak \u00fcretilmi\u015ftir. Y\u0131ll\u0131k s\u0131n\u0131rl\u0131 miktarda \u00fcretilebilmektedir. Polifenoller ve skualen her zeytin \u00e7e\u015fidinde bulunmak ile birlikte bu kadar y\u00fcksek miktarda elde etmek i\u00e7in uygun zeytin a\u011fa\u00e7lar\u0131 teker teker ara\u015ft\u0131r\u0131lmakta, \u00f6zen ile se\u00e7ilmektedir. \u0130\u00e7eri\u011finde do\u011fal olarak A, D, E ve K vitaminleri bulunur. E vitamini ya\u011fda \u00e7\u00f6z\u00fcnen ve v\u00fccudumuzu ya\u015flanmaya kar\u015f\u0131 koruyan kuvvetli bir antioksidand\u0131r.<\/p>\n<p>Nas\u0131l Uygulan\u0131r?<\/p>\n<p>G\u00fcnl\u00fck olarak, 1-2 damla, \u00e7\u0131plak parmak ile, hafif\u00e7e masaj yap\u0131larak, temiz cilde uygulan\u0131r. V\u00fccudunuzun her b\u00f6lgesinde kullanabilirsiniz.<\/p>\n<p>Neden Zeytin Han\u0131m Beauty?<\/p>\n<p>Her zeytinya\u011f\u0131nda 100 gramda 400-450 miligram bulunan bu de\u011ferli maddeyi, \u00fcr\u00fcn\u00fcm\u00fczde daha yo\u011fun halde bulabilirsiniz. 100 gram\u0131nda en az 9.000 miligram skualen vard\u0131r. Yani normal bir s\u0131zma zeytinya\u011f\u0131na g\u00f6re 20 kat daha etkili\u2026 Skualen olarak var (squalane olarak de\u011fil). Skualen kararl\u0131 hale gelmek i\u00e7in hidrojen atomuna ihtiya\u00e7 duyar. Ciltten v\u00fccudumuza ge\u00e7ti\u011fi anda v\u00fccudumuzdaki sudan hidrojeni alarak \u00fc\u00e7 oksijen atomunu a\u00e7\u0131\u011fa \u00e7\u0131kar\u0131r.B\u00f6ylece, t\u0131pk\u0131 ozon tedavisinde oldu\u011fu gibi, v\u00fccuttaki oksijeni artt\u0131rarak kansere neden olan y\u00fcksek asiditeyi engeller ve oksijensizli\u011fi giderir. H\u00fccrelerin yenilenmesinde ve cildin canl\u0131 kalmas\u0131nda b\u00fcy\u00fck rol oynar.<\/p>\n","protected":false},"featured_media":2557,"comment_status":"open","ping_status":"closed","template":"","meta":[],"product_brand":[55],"product_cat":[65,36,40,129,130,67,66,50,68,64],"product_tag":[33,61,56,37,38,84,125,43,57,58,59,60,85],"class_list":{"0":"post-2669","1":"product","2":"type-product","3":"status-publish","4":"has-post-thumbnail","6":"product_brand-zeytin-hanim-beauty","7":"product_cat-antiaging-etkili","8":"product_cat-cosmetics","9":"product_cat-face-mask","10":"product_cat-gunluk-bakim","11":"product_cat-hassas-ciltler","12":"product_cat-nemlendirici","13":"product_cat-skualen-icerikli","14":"product_cat-suncream","15":"product_cat-yaslanma-karsiti-onarici","16":"product_cat-yuz-bakimi","17":"product_tag-beauty","18":"product_tag-ciltbakimserumu","19":"product_tag-ciltbakimi","20":"product_tag-creams","21":"product_tag-day-cream","22":"product_tag-dogal","23":"product_tag-dogalciltbakimi","24":"product_tag-natural","25":"product_tag-skincare","26":"product_tag-skualen","27":"product_tag-squalene","28":"product_tag-yaslanmakarsiti","29":"product_tag-zeytinhanimbeauty","32":"instock","33":"shipping-taxable","34":"product-type-external","35":"product-grid-view"},"aioseo_notices":[],"_links":{"self":[{"href":"https:\/\/naturelcilt.com\/index.php\/wp-json\/wp\/v2\/product\/2669","targetHints":{"allow":["GET"]}}],"collection":[{"href":"https:\/\/naturelcilt.com\/index.php\/wp-json\/wp\/v2\/product"}],"about":[{"href":"https:\/\/naturelcilt.com\/index.php\/wp-json\/wp\/v2\/types\/product"}],"replies":[{"embeddable":true,"href":"https:\/\/naturelcilt.com\/index.php\/wp-json\/wp\/v2\/comments?post=2669"}],"version-history":[{"count":6,"href":"https:\/\/naturelcilt.com\/index.php\/wp-json\/wp\/v2\/product\/2669\/revisions"}],"predecessor-version":[{"id":4059,"href":"https:\/\/naturelcilt.com\/index.php\/wp-json\/wp\/v2\/product\/2669\/revisions\/4059"}],"wp:featuredmedia":[{"embeddable":true,"href":"https:\/\/naturelcilt.com\/index.php\/wp-json\/wp\/v2\/media\/2557"}],"wp:attachment":[{"href":"https:\/\/naturelcilt.com\/index.php\/wp-json\/wp\/v2\/media?parent=2669"}],"wp:term":[{"taxonomy":"product_brand","embeddable":true,"href":"https:\/\/naturelcilt.com\/index.php\/wp-json\/wp\/v2\/product_brand?post=2669"},{"taxonomy":"product_cat","embeddable":true,"href":"https:\/\/naturelcilt.com\/index.php\/wp-json\/wp\/v2\/product_cat?post=2669"},{"taxonomy":"product_tag","embeddable":true,"href":"https:\/\/naturelcilt.com\/index.php\/wp-json\/wp\/v2\/product_tag?post=2669"}],"curies":[{"name":"wp","href":"https:\/\/api.w.org\/{rel}","templated":true}]}}