{"id":2545,"date":"2025-12-05T18:25:01","date_gmt":"2025-12-05T18:25:01","guid":{"rendered":"https:\/\/naturelcilt.com\/?post_type=product&#038;p=2545"},"modified":"2026-01-21T18:59:34","modified_gmt":"2026-01-21T18:59:34","slug":"zeytin-hanim-beauty-anti-aging-onarici-nemlendirici-bakim-kremi","status":"publish","type":"product","link":"https:\/\/naturelcilt.com\/index.php\/product\/zeytin-hanim-beauty-anti-aging-onarici-nemlendirici-bakim-kremi\/","title":{"rendered":"Zeytin Han\u0131m Beauty Anti-Aging Onar\u0131c\u0131 Nemlendirici Bak\u0131m Kremi \/ 50ml"},"content":{"rendered":"\t\t<div data-elementor-type=\"wp-post\" data-elementor-id=\"2545\" class=\"elementor elementor-2545\">\n\t\t\t\t<div class=\"elementor-element elementor-element-dfb1fc8 e-flex e-con-boxed e-con e-parent\" data-id=\"dfb1fc8\" data-element_type=\"container\">\n\t\t\t\t\t<div class=\"e-con-inner\">\n\t\t\t\t<div class=\"elementor-element elementor-element-6c980d3 elementor-widget elementor-widget-wdt-advanced-heading\" data-id=\"6c980d3\" data-element_type=\"widget\" data-settings=\"{&quot;wdt_enable_inview_status&quot;:&quot;true&quot;,&quot;wdt_animation_effect&quot;:&quot;none&quot;}\" data-widget_type=\"wdt-advanced-heading.default\">\n\t\t\t\t<div class=\"elementor-widget-container\">\n\t\t\t\t\t<div class=\"wdt-heading-holder\" data-id=\"6c980d3\"><\/div>\t\t\t\t<\/div>\n\t\t\t\t<\/div>\n\t\t\t\t<div class=\"elementor-element elementor-element-b0fccf7 elementor-widget elementor-widget-wdt-shop-related-products\" data-id=\"b0fccf7\" data-element_type=\"widget\" data-settings=\"{&quot;carousel_slidesperview&quot;:&quot;3&quot;,&quot;carousel_slidesperview_laptop&quot;:&quot;4&quot;,&quot;carousel_slidesperview_tablet_extra&quot;:&quot;3&quot;,&quot;carousel_slidesperview_tablet&quot;:&quot;2&quot;,&quot;carousel_slidesperview_mobile_extra&quot;:&quot;2&quot;,&quot;carousel_slidesperview_mobile&quot;:1,&quot;wdt_animation_effect&quot;:&quot;none&quot;}\" data-widget_type=\"wdt-shop-related-products.default\">\n\t\t\t\t<div class=\"elementor-widget-container\">\n\t\t\t\t\tPlease provide product id to display corresponding data!\t\t\t\t<\/div>\n\t\t\t\t<\/div>\n\t\t\t\t\t<\/div>\n\t\t\t\t<\/div>\n\t\t\t\t<\/div>\n\t\t","protected":false},"excerpt":{"rendered":"<p><span class=\"wdtsplitanimation\">\u0130\u00e7eri\u011finde ki peptid kompleksi ve sa\u011flad\u0131\u011f\u0131 yo\u011fun <\/span><span class=\"wdtsplitanimation\">nem ile k\u0131r\u0131\u015f\u0131kl\u0131k g\u00f6r\u00fcn\u00fcm\u00fcn\u00fcn azalmas\u0131n\u0131 destekler. <\/span><span class=\"wdtsplitanimation\">Bitki kompleksleri cildi besler ve daha parlak bir cilt <\/span><span class=\"wdtsplitanimation\">sunar.<\/span><\/p>\n<p>Kullan\u0131m \u015eekli:<\/p>\n<p>Temiz cilde tamamen emilim sa\u011flay\u0131ncaya kadar masaj yaparak uygulay\u0131n\u0131z. G\u00fcnl\u00fck\u00a0 kullan\u0131ma uygundur. Tercihen sabah ve ak\u015fam olmak \u00fczere g\u00fcnde 2 defa uygulanmas\u0131\u00a0 \u00f6nerilir.<\/p>\n<p>\u0130\u00e7indekiler :\u00a0\u00a0\u00a0\u00a0\u00a0\u00a0\u00a0\u00a0\u00a0\u00a0\u00a0\u00a0\u00a0\u00a0\u00a0\u00a0\u00a0\u00a0\u00a0\u00a0\u00a0\u00a0\u00a0\u00a0\u00a0\u00a0\u00a0 .<\/p>\n<p>Aqua,Squalane,Glycerin,Lactobacillus\/Aloe Barbadensis Ferment Filtrate ,Panthenol,Sorbitan Olivate,Polyacrylate-13, Polyisobutene, Polysorbate 20,Phenoxyethanol,Xylitol, Glucomannan,Beta-Glucan,Cananga Odorata Flower Oil, Zea Mays Germ O\u0131l,Capryl\u0131c\/Capr\u0131c Tr\u0131glycer\u0131de ,Tr\u0131t\u0131cum Vulgare Germ O\u0131l,Chamom\u0131lla Recut\u0131ta Flower Extract ,Calendula Off\u0131c\u0131nal\u0131s Flower Extract ,S\u0131mmonds\u0131a Ch\u0131nens\u0131s Seed O\u0131l ,Macadam\u0131a Tern\u0131fol\u0131a Seed O\u0131l ,Tocopherol ,Panthenyl Tr\u0131acetate,Butylene Glycol , Carbomer,Palmitoyl Tripeptide-1 ,Palmitoyl Tetrapeptide-7,Sodium Lactate ,Tocopheryl Acetate,Caprylyl\u00a0Glycol<\/p>\n<p>Uyar\u0131lar :<\/p>\n<p>Haricen kullan\u0131l\u0131r. Kullanmadan \u00f6nce bile\u011finizin\u00a0 i\u00e7 k\u0131sm\u0131nda test ediniz. Herhangi bir hassasiyet olu\u015fmuyorsa \u00fcr\u00fcn\u00fc kullanmaya devam ediniz. Beklenmeyen bir etki g\u00f6r\u00fcld\u00fc\u011f\u00fcnde doktora dan\u0131\u015f\u0131n\u0131z. \u00dcr\u00fcn i\u00e7eri\u011findeki herhangi bir maddeye kar\u015f\u0131 hassasiyeti olan ki\u015filerin kullanmas\u0131 tavsiye edilmez. G\u00f6z ile temas ettirmeyiniz, temas halinde bol su ile y\u0131kay\u0131n\u0131z. Serin ve kuru yerde muhafaza ediniz. \u00c7ocuklar\u0131n ula\u015famayaca\u011f\u0131 yerde saklay\u0131n\u0131z.<\/p>\n","protected":false},"featured_media":2549,"comment_status":"open","ping_status":"closed","template":"","meta":[],"product_brand":[55],"product_cat":[65,36,40,129,130,67,69,66,68,64],"product_tag":[33,56,37,38,125,127,43,126,128,57,58,59,60,85],"class_list":{"0":"post-2545","1":"product","2":"type-product","3":"status-publish","4":"has-post-thumbnail","6":"product_brand-zeytin-hanim-beauty","7":"product_cat-antiaging-etkili","8":"product_cat-cosmetics","9":"product_cat-face-mask","10":"product_cat-gunluk-bakim","11":"product_cat-hassas-ciltler","12":"product_cat-nemlendirici","13":"product_cat-peptit","14":"product_cat-skualen-icerikli","15":"product_cat-yaslanma-karsiti-onarici","16":"product_cat-yuz-bakimi","17":"product_tag-beauty","18":"product_tag-ciltbakimi","19":"product_tag-creams","20":"product_tag-day-cream","21":"product_tag-dogalciltbakimi","22":"product_tag-mousturizer","23":"product_tag-natural","24":"product_tag-nemlendirici","25":"product_tag-peptit","26":"product_tag-skincare","27":"product_tag-skualen","28":"product_tag-squalene","29":"product_tag-yaslanmakarsiti","30":"product_tag-zeytinhanimbeauty","33":"instock","34":"shipping-taxable","35":"product-type-external","36":"product-grid-view"},"aioseo_notices":[],"_links":{"self":[{"href":"https:\/\/naturelcilt.com\/index.php\/wp-json\/wp\/v2\/product\/2545","targetHints":{"allow":["GET"]}}],"collection":[{"href":"https:\/\/naturelcilt.com\/index.php\/wp-json\/wp\/v2\/product"}],"about":[{"href":"https:\/\/naturelcilt.com\/index.php\/wp-json\/wp\/v2\/types\/product"}],"replies":[{"embeddable":true,"href":"https:\/\/naturelcilt.com\/index.php\/wp-json\/wp\/v2\/comments?post=2545"}],"version-history":[{"count":7,"href":"https:\/\/naturelcilt.com\/index.php\/wp-json\/wp\/v2\/product\/2545\/revisions"}],"predecessor-version":[{"id":4074,"href":"https:\/\/naturelcilt.com\/index.php\/wp-json\/wp\/v2\/product\/2545\/revisions\/4074"}],"wp:featuredmedia":[{"embeddable":true,"href":"https:\/\/naturelcilt.com\/index.php\/wp-json\/wp\/v2\/media\/2549"}],"wp:attachment":[{"href":"https:\/\/naturelcilt.com\/index.php\/wp-json\/wp\/v2\/media?parent=2545"}],"wp:term":[{"taxonomy":"product_brand","embeddable":true,"href":"https:\/\/naturelcilt.com\/index.php\/wp-json\/wp\/v2\/product_brand?post=2545"},{"taxonomy":"product_cat","embeddable":true,"href":"https:\/\/naturelcilt.com\/index.php\/wp-json\/wp\/v2\/product_cat?post=2545"},{"taxonomy":"product_tag","embeddable":true,"href":"https:\/\/naturelcilt.com\/index.php\/wp-json\/wp\/v2\/product_tag?post=2545"}],"curies":[{"name":"wp","href":"https:\/\/api.w.org\/{rel}","templated":true}]}}