{"id":42,"date":"2025-02-24T14:07:38","date_gmt":"2025-02-24T14:07:38","guid":{"rendered":"https:\/\/naturelcilt.com\/?page_id=42"},"modified":"2025-12-24T21:03:49","modified_gmt":"2025-12-24T21:03:49","slug":"iletisim","status":"publish","type":"page","link":"https:\/\/naturelcilt.com\/index.php\/iletisim\/","title":{"rendered":"\u0130leti\u015fim"},"content":{"rendered":"\t\t<div data-elementor-type=\"wp-page\" data-elementor-id=\"42\" class=\"elementor elementor-42\">\n\t\t\t\t<div class=\"elementor-element elementor-element-79412ba wdt-no-full-section e-flex e-con-boxed e-con e-parent\" data-id=\"79412ba\" data-element_type=\"container\">\n\t\t\t\t\t<div class=\"e-con-inner\">\n\t\t<div class=\"wdt-sticky-css-column elementor-element elementor-element-929054b e-con-full e-flex e-con e-child\" data-id=\"929054b\" data-element_type=\"container\">\n\t\t\t\t<div class=\"elementor-element elementor-element-7b7cb05 elementor-widget elementor-widget-wdt-advanced-heading\" data-id=\"7b7cb05\" data-element_type=\"widget\" data-settings=\"{&quot;wdt_enable_inview_status&quot;:&quot;true&quot;,&quot;wdt_animation_effect&quot;:&quot;none&quot;}\" data-widget_type=\"wdt-advanced-heading.default\">\n\t\t\t\t<div class=\"elementor-widget-container\">\n\t\t\t\t\t<div class=\"wdt-heading-holder\" data-id=\"7b7cb05\"><div class=\"wdt-heading-title-wrapper\"><h2><span class=\"wdt-heading-title charsplit-7b7cb05\">Sosyal Medyada Biz<\/span><\/h2><\/div><div class=\"wdt-heading-content-wrapper\"><div class=\"wdt-content-animation-default\"><p>@tlosolive.com Facebook\/ Instagram\/ Youtube\/ Twitter\n<\/p><\/div><\/div><\/div>\t\t\t\t<\/div>\n\t\t\t\t<\/div>\n\t\t\t\t<div class=\"elementor-element elementor-element-229b80a wdt-contact-info-style wdt-contact-info-style-alter animated-fast elementor-invisible elementor-widget elementor-widget-wdt-icon-box\" data-id=\"229b80a\" data-element_type=\"widget\" data-settings=\"{&quot;_animation&quot;:&quot;fadeInUp&quot;,&quot;_animation_delay&quot;:&quot;200&quot;,&quot;columns_tablet_extra&quot;:&quot;1&quot;,&quot;columns&quot;:2,&quot;columns_laptop&quot;:2,&quot;columns_tablet&quot;:2,&quot;columns_mobile_extra&quot;:1,&quot;columns_mobile&quot;:1,&quot;carousel_arrows_prev_arrow_vertical_align&quot;:&quot;flex-start&quot;,&quot;carousel_arrows_prev_arrow_vertical_top_indent&quot;:{&quot;unit&quot;:&quot;%&quot;,&quot;size&quot;:&quot;&quot;,&quot;sizes&quot;:[]},&quot;carousel_arrows_prev_arrow_vertical_top_indent_laptop&quot;:{&quot;unit&quot;:&quot;px&quot;,&quot;size&quot;:&quot;&quot;,&quot;sizes&quot;:[]},&quot;carousel_arrows_prev_arrow_vertical_top_indent_tablet_extra&quot;:{&quot;unit&quot;:&quot;px&quot;,&quot;size&quot;:&quot;&quot;,&quot;sizes&quot;:[]},&quot;carousel_arrows_prev_arrow_vertical_top_indent_tablet&quot;:{&quot;unit&quot;:&quot;%&quot;,&quot;size&quot;:&quot;&quot;,&quot;sizes&quot;:[]},&quot;carousel_arrows_prev_arrow_vertical_top_indent_mobile_extra&quot;:{&quot;unit&quot;:&quot;px&quot;,&quot;size&quot;:&quot;&quot;,&quot;sizes&quot;:[]},&quot;carousel_arrows_prev_arrow_vertical_top_indent_mobile&quot;:{&quot;unit&quot;:&quot;%&quot;,&quot;size&quot;:&quot;&quot;,&quot;sizes&quot;:[]},&quot;carousel_arrows_prev_arrow_horizontal_left_indent&quot;:{&quot;unit&quot;:&quot;%&quot;,&quot;size&quot;:&quot;&quot;,&quot;sizes&quot;:[]},&quot;carousel_arrows_prev_arrow_horizontal_left_indent_laptop&quot;:{&quot;unit&quot;:&quot;px&quot;,&quot;size&quot;:&quot;&quot;,&quot;sizes&quot;:[]},&quot;carousel_arrows_prev_arrow_horizontal_left_indent_tablet_extra&quot;:{&quot;unit&quot;:&quot;px&quot;,&quot;size&quot;:&quot;&quot;,&quot;sizes&quot;:[]},&quot;carousel_arrows_prev_arrow_horizontal_left_indent_tablet&quot;:{&quot;unit&quot;:&quot;%&quot;,&quot;size&quot;:&quot;&quot;,&quot;sizes&quot;:[]},&quot;carousel_arrows_prev_arrow_horizontal_left_indent_mobile_extra&quot;:{&quot;unit&quot;:&quot;px&quot;,&quot;size&quot;:&quot;&quot;,&quot;sizes&quot;:[]},&quot;carousel_arrows_prev_arrow_horizontal_left_indent_mobile&quot;:{&quot;unit&quot;:&quot;%&quot;,&quot;size&quot;:&quot;&quot;,&quot;sizes&quot;:[]},&quot;carousel_arrows_next_arrow_vertical_align&quot;:&quot;flex-start&quot;,&quot;carousel_arrows_next_arrow_vertical_top_indent&quot;:{&quot;unit&quot;:&quot;%&quot;,&quot;size&quot;:&quot;&quot;,&quot;sizes&quot;:[]},&quot;carousel_arrows_next_arrow_vertical_top_indent_laptop&quot;:{&quot;unit&quot;:&quot;px&quot;,&quot;size&quot;:&quot;&quot;,&quot;sizes&quot;:[]},&quot;carousel_arrows_next_arrow_vertical_top_indent_tablet_extra&quot;:{&quot;unit&quot;:&quot;px&quot;,&quot;size&quot;:&quot;&quot;,&quot;sizes&quot;:[]},&quot;carousel_arrows_next_arrow_vertical_top_indent_tablet&quot;:{&quot;unit&quot;:&quot;%&quot;,&quot;size&quot;:&quot;&quot;,&quot;sizes&quot;:[]},&quot;carousel_arrows_next_arrow_vertical_top_indent_mobile_extra&quot;:{&quot;unit&quot;:&quot;px&quot;,&quot;size&quot;:&quot;&quot;,&quot;sizes&quot;:[]},&quot;carousel_arrows_next_arrow_vertical_top_indent_mobile&quot;:{&quot;unit&quot;:&quot;%&quot;,&quot;size&quot;:&quot;&quot;,&quot;sizes&quot;:[]},&quot;carousel_arrows_next_arrow_horizontal_left_indent&quot;:{&quot;unit&quot;:&quot;%&quot;,&quot;size&quot;:&quot;&quot;,&quot;sizes&quot;:[]},&quot;carousel_arrows_next_arrow_horizontal_left_indent_laptop&quot;:{&quot;unit&quot;:&quot;px&quot;,&quot;size&quot;:&quot;&quot;,&quot;sizes&quot;:[]},&quot;carousel_arrows_next_arrow_horizontal_left_indent_tablet_extra&quot;:{&quot;unit&quot;:&quot;px&quot;,&quot;size&quot;:&quot;&quot;,&quot;sizes&quot;:[]},&quot;carousel_arrows_next_arrow_horizontal_left_indent_tablet&quot;:{&quot;unit&quot;:&quot;%&quot;,&quot;size&quot;:&quot;&quot;,&quot;sizes&quot;:[]},&quot;carousel_arrows_next_arrow_horizontal_left_indent_mobile_extra&quot;:{&quot;unit&quot;:&quot;px&quot;,&quot;size&quot;:&quot;&quot;,&quot;sizes&quot;:[]},&quot;carousel_arrows_next_arrow_horizontal_left_indent_mobile&quot;:{&quot;unit&quot;:&quot;%&quot;,&quot;size&quot;:&quot;&quot;,&quot;sizes&quot;:[]},&quot;wdt_animation_effect&quot;:&quot;none&quot;}\" data-widget_type=\"wdt-icon-box.default\">\n\t\t\t\t<div class=\"elementor-widget-container\">\n\t\t\t\t\t<div class=\"wdt-icon-box-holder wdt-content-item-holder wdt-column-holder wdt-rc-template-custom-template\" id=\"wdt-icon-box-229b80a\" data-settings=\"\"><div class=\"wdt-column-wrapper wdt-column-gap-custom \" data-column-settings=\"\" data-module-id=\"wdt-module-id-229b80a\" id=\"wdt-module-id-229b80a\"><div class=\"wdt-column\"><div class=\"wdt-content-item\"><div class=\"wdt-content-media-group\"><div class=\"wdt-content-icon-wrapper\"><div class=\"wdt-content-icon\"><a href=\"http:\/\/www.tlosolive.com\" target=\"_blank\" rel=\"nofollow\" ><span><i><svg xmlns=\"http:\/\/www.w3.org\/2000\/svg\" viewBox=\"0 0 100 100\"><path d=\"M48.1,3.1c-19.3,1-34.6,16.9-34.6,36.4c0,8.2,2.7,15.8,7.3,21.9h0l24.7,33.2c2.2,3,6.7,3,8.9,0l24.7-33.2h0 c4.2-5.6,6.9-12.4,7.3-19.9C87.6,20,69.7,2,48.1,3.1z M70.9,39.6c0,11.5-9.3,20.9-20.9,20.9s-20.9-9.3-20.9-20.9S38.5,18.7,50,18.7 S70.9,28.1,70.9,39.6z\"><\/path><\/svg><\/i><\/span><\/a><\/div><\/div><div class=\"wdt-content-elements-group wdt-media-group \"><div class=\"wdt-content-subtitle\">Adresimiz<\/div><div class=\"wdt-content-title\"><h5><a href=\"http:\/\/www.tlosolive.com\" target=\"_blank\" rel=\"nofollow\" >\u00c7amk\u00f6y Mah Mare\u015fal Fevzi \u00c7akmak Blv (T\u00fcrbe) No:50- 39 Fethiye Mu\u011fla Turkey<\/a><\/h5><\/div><\/div><\/div><\/div><\/div><div class=\"wdt-column\"><div class=\"wdt-content-item\"><div class=\"wdt-content-media-group\"><div class=\"wdt-content-icon-wrapper\"><div class=\"wdt-content-icon\"><span><i><svg xmlns=\"http:\/\/www.w3.org\/2000\/svg\" xmlns:xlink=\"http:\/\/www.w3.org\/1999\/xlink\" x=\"0px\" y=\"0px\" viewBox=\"0 0 100 100\" style=\"enable-background:new 0 0 100 100;\" xml:space=\"preserve\"><path d=\"M54.8,70.6c-9.2-5.3-21-21.2-23.2-31.3c4.1-6.4,7.6-3.3,9.8-9.8c0.1-0.3,6.1-32.9-16.9-26.1 c-49.8,15.1,32.2,125.6,63.2,85.2c14.1-18.8-19.8-23.8-20.1-23.8C60.4,64.7,62.4,68.9,54.8,70.6z\"><\/path><\/svg><\/i><\/span><\/div><\/div><div class=\"wdt-content-elements-group wdt-media-group \"><div class=\"wdt-content-subtitle\">Bizi Aray\u0131n<\/div><div class=\"wdt-content-title\"><h5>+90 554 1805751<\/h5><\/div><\/div><\/div><\/div><\/div><div class=\"wdt-column\"><div class=\"wdt-content-item\"><div class=\"wdt-content-media-group\"><div class=\"wdt-content-icon-wrapper\"><div class=\"wdt-content-icon\"><a href=\"mailto:support@example.com\" target=\"_blank\" rel=\"nofollow\" ><span><i><svg xmlns=\"http:\/\/www.w3.org\/2000\/svg\" viewBox=\"0 0 100 100\"><path d=\"M97.2,15.5V85c0,0.6-0.7,0.9-1.1,0.5L61.4,50.7c-0.3-0.3-0.3-0.7,0-0.9L96.1,15C96.5,14.6,97.2,14.9,97.2,15.5L97.2,15.5z\"><\/path><path d=\"M38.6,50.7L3.9,85.4c-0.4,0.4-1.1,0.1-1.1-0.5V15.5c0-0.6,0.7-0.9,1.1-0.5l34.8,34.8C38.9,50,38.9,50.4,38.6,50.7z\"><\/path><path d=\"M93.2,89H6.8c-0.6,0-0.9-0.7-0.5-1.1l34.8-34.8c0.3-0.3,0.7-0.3,0.9,0l2.6,2.6c1.5,1.5,3.4,2.2,5.4,2.2  c2,0,3.9-0.7,5.4-2.2l2.6-2.6c0.3-0.3,0.7-0.3,0.9,0l34.8,34.8C94.1,88.3,93.8,89,93.2,89z\"><\/path><path d=\"M93.8,11c0.5,0,0.8,0.6,0.4,1l-37,37l-4.3,4.3c-1.6,1.6-4.3,1.6-5.9,0L5.8,12c-0.4-0.4-0.1-1,0.4-1  C16.7,11,83.3,11,93.8,11z\"><\/path><\/svg><\/i><\/span><\/a><\/div><\/div><div class=\"wdt-content-elements-group wdt-media-group \"><div class=\"wdt-content-subtitle\">E-mail<\/div><div class=\"wdt-content-title\"><h5><a href=\"mailto:support@example.com\" target=\"_blank\" rel=\"nofollow\" >info@tlosolive.com<\/a><\/h5><\/div><\/div><\/div><\/div><\/div><div class=\"wdt-column\"><div class=\"wdt-content-item\"><div class=\"wdt-content-media-group\"><div class=\"wdt-content-icon-wrapper\"><div class=\"wdt-content-icon\"><span><i><svg xmlns=\"http:\/\/www.w3.org\/2000\/svg\" viewBox=\"0 0 100 100\"><path d=\"M52.2,25.4c0-2.2-1.6-3.9-3.7-3.9c-2,0-3.7,1.7-3.7,3.9V49l-9.1,9.7c-1.4,1.5-1.4,4,0,5.5c1.4,1.5,3.8,1.5,5.2,0l10.2-10.8  c0.5-0.5,0.8-1.1,1-1.8c0.1-0.3,0.1-0.7,0.1-1V25.4z\"><\/path><path d=\"M50,4C24.6,4,4,24.6,4,50c0,25.4,20.6,46,46,46c25.4,0,46-20.6,46-46C96,24.6,75.4,4,50,4z M50,87.9  c-20.9,0-37.9-17-37.9-37.9c0-20.9,17-37.9,37.9-37.9c20.9,0,37.9,17,37.9,37.9C87.9,70.9,70.9,87.9,50,87.9z\"><\/path><\/svg><\/i><\/span><\/div><\/div><div class=\"wdt-content-elements-group wdt-media-group \"><div class=\"wdt-content-subtitle\">\u00c7al\u0131\u015fma Saatlerimiz<\/div><div class=\"wdt-content-title\"><h5>Pazartesi - Cumartesi : 09:00 - 17:00 arasi<\/h5><\/div><\/div><\/div><\/div><\/div><\/div><\/div>\t\t\t\t<\/div>\n\t\t\t\t<\/div>\n\t\t\t\t<\/div>\n\t\t<div class=\"wdt-sticky-css-column elementor-element elementor-element-d5e6525 e-con-full e-flex e-con e-child\" data-id=\"d5e6525\" data-element_type=\"container\">\n\t\t<div class=\"elementor-element elementor-element-75d6253 e-con-full e-flex e-con e-child\" data-id=\"75d6253\" data-element_type=\"container\" data-settings=\"{&quot;background_background&quot;:&quot;classic&quot;}\">\n\t\t\t\t<div class=\"elementor-element elementor-element-864e714 elementor-widget elementor-widget-wdt-advanced-heading\" data-id=\"864e714\" data-element_type=\"widget\" data-settings=\"{&quot;wdt_enable_inview_status&quot;:&quot;true&quot;,&quot;wdt_animation_effect&quot;:&quot;none&quot;}\" data-widget_type=\"wdt-advanced-heading.default\">\n\t\t\t\t<div class=\"elementor-widget-container\">\n\t\t\t\t\t<div class=\"wdt-heading-holder\" data-id=\"864e714\"><div class=\"wdt-heading-title-wrapper\"><h4><span class=\"wdt-heading-title charsplit-864e714\">Bize Ula\u015fmak i\u00e7in<\/span><\/h4><\/div><\/div>\t\t\t\t<\/div>\n\t\t\t\t<\/div>\n\t\t\t\t<div class=\"elementor-element elementor-element-aee00df elementor-widget__width-inherit elementor-widget-laptop__width-inherit elementor-widget-tablet_extra__width-inherit elementor-widget-tablet__width-inherit elementor-widget-mobile_extra__width-inherit elementor-widget elementor-widget-shortcode\" data-id=\"aee00df\" data-element_type=\"widget\" data-settings=\"{&quot;wdt_animation_effect&quot;:&quot;none&quot;}\" data-widget_type=\"shortcode.default\">\n\t\t\t\t\t\t\t<div class=\"elementor-shortcode\"><style id=\"wpforms-css-vars-3683\">\n\t\t\t\t#wpforms-3683 {\n\t\t\t\t--wpforms-field-background-color: #c09c5b;\n--wpforms-field-border-color: rgba(0, 0, 0, 0.25);\n--wpforms-field-border-color-spare: rgba(0, 0, 0, 0.25);\n--wpforms-field-text-color: rgba(0, 0, 0, 0.7);\n--wpforms-label-color: rgba(0, 0, 0, 0.85);\n--wpforms-label-sublabel-color: rgba(0, 0, 0, 0.55);\n--wpforms-button-background-color: #34a31d;\n--wpforms-container-padding: 0px;\n--wpforms-container-border-width: 1px;\n--wpforms-container-border-radius: 3px;\n--wpforms-background-color: rgba(0, 0, 0, 0);\n--wpforms-field-size-input-height: 43px;\n--wpforms-field-size-input-spacing: 15px;\n--wpforms-field-size-font-size: 16px;\n--wpforms-field-size-line-height: 19px;\n--wpforms-field-size-padding-h: 14px;\n--wpforms-field-size-checkbox-size: 16px;\n--wpforms-field-size-sublabel-spacing: 5px;\n--wpforms-field-size-icon-size: 1;\n--wpforms-label-size-font-size: 16px;\n--wpforms-label-size-line-height: 19px;\n--wpforms-label-size-sublabel-font-size: 14px;\n--wpforms-label-size-sublabel-line-height: 17px;\n--wpforms-button-size-font-size: 17px;\n--wpforms-button-size-height: 41px;\n--wpforms-button-size-padding-h: 15px;\n--wpforms-button-size-margin-top: 10px;\n--wpforms-container-shadow-size-box-shadow: none;\n\t\t\t}\n\t\t\t<\/style><div class=\"wpforms-container wpforms-container-full wpforms-render-modern\" id=\"wpforms-3683\"><form id=\"wpforms-form-3683\" class=\"wpforms-validate wpforms-form wpforms-ajax-form\" data-formid=\"3683\" method=\"post\" enctype=\"multipart\/form-data\" action=\"\/index.php\/wp-json\/wp\/v2\/pages\/42\" data-token=\"697cb3cb2a60eb33f35327998488e32c\" data-token-time=\"1776279471\"><noscript class=\"wpforms-error-noscript\">Bu formu bitirebilmek i\u00e7in taray\u0131c\u0131n\u0131zda JavaScript&#039;i etkinle\u015ftirin.<\/noscript><div id=\"wpforms-error-noscript\" style=\"display: none;\">Bu formu bitirebilmek i\u00e7in taray\u0131c\u0131n\u0131zda JavaScript&#039;i etkinle\u015ftirin.<\/div><div class=\"wpforms-field-container\"><div id=\"wpforms-3683-field_1-container\" class=\"wpforms-field wpforms-field-name\" data-field-id=\"1\"><fieldset><legend class=\"wpforms-field-label\">Ad\u0131 Soyad\u0131 <span class=\"wpforms-required-label\" aria-hidden=\"true\">*<\/span><\/legend><div class=\"wpforms-field-row wpforms-field-medium\"><div class=\"wpforms-field-row-block wpforms-first wpforms-one-half\"><input type=\"text\" id=\"wpforms-3683-field_1\" class=\"wpforms-field-name-first wpforms-field-required\" name=\"wpforms[fields][1][first]\" aria-errormessage=\"wpforms-3683-field_1-error\" required><label for=\"wpforms-3683-field_1\" class=\"wpforms-field-sublabel after\">Ad<\/label><\/div><div class=\"wpforms-field-row-block wpforms-one-half\"><input type=\"text\" id=\"wpforms-3683-field_1-last\" class=\"wpforms-field-name-last wpforms-field-required\" name=\"wpforms[fields][1][last]\" aria-errormessage=\"wpforms-3683-field_1-last-error\" required><label for=\"wpforms-3683-field_1-last\" class=\"wpforms-field-sublabel after\">Soyad<\/label><\/div><\/div><\/fieldset><\/div>\t\t<div id=\"wpforms-3683-field_4-container\"\n\t\t\tclass=\"wpforms-field wpforms-field-text\"\n\t\t\tdata-field-type=\"text\"\n\t\t\tdata-field-id=\"4\"\n\t\t\t>\n\t\t\t<label class=\"wpforms-field-label\" for=\"wpforms-3683-field_4\" >\u0130letiniz E-posta Mesaj\u0131n\u0131z\u0131<\/label>\n\t\t\t<input type=\"text\" id=\"wpforms-3683-field_4\" class=\"wpforms-field-medium\" name=\"wpforms[fields][4]\" >\n\t\t<\/div>\n\t\t<div id=\"wpforms-3683-field_2-container\" class=\"wpforms-field wpforms-field-email\" data-field-id=\"2\"><label class=\"wpforms-field-label\" for=\"wpforms-3683-field_2\">E-posta <span class=\"wpforms-required-label\" aria-hidden=\"true\">*<\/span><\/label><input type=\"email\" id=\"wpforms-3683-field_2\" class=\"wpforms-field-medium wpforms-field-required\" name=\"wpforms[fields][2]\" spellcheck=\"false\" aria-errormessage=\"wpforms-3683-field_2-error\" required><\/div><div id=\"wpforms-3683-field_3-container\" class=\"wpforms-field wpforms-field-textarea\" data-field-id=\"3\"><label class=\"wpforms-field-label\" for=\"wpforms-3683-field_3\">L\u00fctfen Mesaj\u0131n\u0131z\u0131 \u0130letiniz <span class=\"wpforms-required-label\" aria-hidden=\"true\">*<\/span><\/label><textarea id=\"wpforms-3683-field_3\" class=\"wpforms-field-medium wpforms-field-required\" name=\"wpforms[fields][3]\" aria-errormessage=\"wpforms-3683-field_3-error\" required><\/textarea><\/div><script>\n\t\t\t\t( function() {\n\t\t\t\t\tconst style = document.createElement( 'style' );\n\t\t\t\t\tstyle.appendChild( document.createTextNode( '#wpforms-3683-field_4-container { position: absolute !important; overflow: hidden !important; display: inline !important; height: 1px !important; width: 1px !important; z-index: -1000 !important; padding: 0 !important; } #wpforms-3683-field_4-container input { visibility: hidden; } #wpforms-conversational-form-page #wpforms-3683-field_4-container label { counter-increment: none; }' ) );\n\t\t\t\t\tdocument.head.appendChild( style );\n\t\t\t\t\tdocument.currentScript?.remove();\n\t\t\t\t} )();\n\t\t\t<\/script><\/div><!-- .wpforms-field-container --><div class=\"wpforms-submit-container\" ><input type=\"hidden\" name=\"wpforms[id]\" value=\"3683\"><input type=\"hidden\" name=\"page_title\" value=\"\"><input type=\"hidden\" name=\"page_url\" value=\"https:\/\/naturelcilt.com\/index.php\/wp-json\/wp\/v2\/pages\/42\"><input type=\"hidden\" name=\"url_referer\" value=\"\"><button type=\"submit\" name=\"wpforms[submit]\" id=\"wpforms-submit-3683\" class=\"wpforms-submit\" data-alt-text=\"G\u00f6nderiliyor...\" data-submit-text=\"G\u00f6nder\" aria-live=\"assertive\" value=\"wpforms-submit\">G\u00f6nder<\/button><img decoding=\"async\" src=\"https:\/\/naturelcilt.com\/wp-content\/plugins\/wpforms-lite\/assets\/images\/submit-spin.svg\" class=\"wpforms-submit-spinner\" style=\"display: none;\" width=\"26\" height=\"26\" alt=\"Y\u00fckleniyor\"><\/div><\/form><\/div>  <!-- .wpforms-container --><\/div>\n\t\t\t\t\t\t<\/div>\n\t\t\t\t<\/div>\n\t\t\t\t<\/div>\n\t\t\t\t\t<\/div>\n\t\t\t\t<\/div>\n\t\t<div class=\"elementor-element elementor-element-298ee42 e-con-full e-flex e-con e-parent\" data-id=\"298ee42\" data-element_type=\"container\">\n\t\t\t\t<div class=\"elementor-element elementor-element-bcb737c elementor-align-left elementor-align-left elementor-widget elementor-widget-wdt-google-map\" data-id=\"bcb737c\" data-element_type=\"widget\" data-settings=\"{&quot;wdt_animation_effect&quot;:&quot;none&quot;}\" data-widget_type=\"wdt-google-map.default\">\n\t\t\t\t<div class=\"elementor-widget-container\">\n\t\t\t\t\t<div id=\"wdt-google-map-bcb737c\" class=\"wdt-google-map-wrapper\"><div class=\"wdt-google-map\" data-options=\"{&quot;mapTypeId&quot;:&quot;roadmap&quot;,&quot;zoom&quot;:11,&quot;streetViewControl&quot;:false,&quot;mapTypeControl&quot;:false,&quot;zoomControl&quot;:false,&quot;fullscreenControl&quot;:false,&quot;scaleControl&quot;:false,&quot;rotateControl&quot;:false,&quot;scrollwheel&quot;:false,&quot;draggable&quot;:true,&quot;styles&quot;:&quot;[\\n  {\\n    \\&quot;elementType\\&quot;: \\&quot;geometry\\&quot;,\\n    \\&quot;stylers\\&quot;: [\\n      { \\&quot;color\\&quot;: \\&quot;#f2efe6\\&quot; }\\n    ]\\n  },\\n  {\\n    \\&quot;elementType\\&quot;: \\&quot;labels.icon\\&quot;,\\n    \\&quot;stylers\\&quot;: [\\n      { \\&quot;visibility\\&quot;: \\&quot;off\\&quot; }\\n    ]\\n  },\\n  {\\n    \\&quot;elementType\\&quot;: \\&quot;labels.text.fill\\&quot;,\\n    \\&quot;stylers\\&quot;: [\\n      { \\&quot;color\\&quot;: \\&quot;#606b57\\&quot; }\\n    ]\\n  },\\n  {\\n    \\&quot;featureType\\&quot;: \\&quot;administrative\\&quot;,\\n    \\&quot;elementType\\&quot;: \\&quot;geometry\\&quot;,\\n    \\&quot;stylers\\&quot;: [\\n      { \\&quot;color\\&quot;: \\&quot;#606b57\\&quot; }\\n    ]\\n  },\\n  {\\n    \\&quot;featureType\\&quot;: \\&quot;administrative.locality\\&quot;,\\n    \\&quot;elementType\\&quot;: \\&quot;labels.text.fill\\&quot;,\\n    \\&quot;stylers\\&quot;: [\\n      { \\&quot;color\\&quot;: \\&quot;#606b57\\&quot; }\\n    ]\\n  },\\n  {\\n    \\&quot;featureType\\&quot;: \\&quot;poi\\&quot;,\\n    \\&quot;elementType\\&quot;: \\&quot;labels.text.fill\\&quot;,\\n    \\&quot;stylers\\&quot;: [\\n      { \\&quot;color\\&quot;: \\&quot;#606b57\\&quot; }\\n    ]\\n  },\\n  {\\n    \\&quot;featureType\\&quot;: \\&quot;poi.park\\&quot;,\\n    \\&quot;elementType\\&quot;: \\&quot;geometry\\&quot;,\\n    \\&quot;stylers\\&quot;: [\\n      { \\&quot;color\\&quot;: \\&quot;#e8e6dc\\&quot; }\\n    ]\\n  },\\n  {\\n    \\&quot;featureType\\&quot;: \\&quot;poi.park\\&quot;,\\n    \\&quot;elementType\\&quot;: \\&quot;labels.text.fill\\&quot;,\\n    \\&quot;stylers\\&quot;: [\\n      { \\&quot;color\\&quot;: \\&quot;#606b57\\&quot; }\\n    ]\\n  },\\n  {\\n    \\&quot;featureType\\&quot;: \\&quot;road\\&quot;,\\n    \\&quot;elementType\\&quot;: \\&quot;geometry.fill\\&quot;,\\n    \\&quot;stylers\\&quot;: [\\n      { \\&quot;color\\&quot;: \\&quot;#d9d6cd\\&quot; }\\n    ]\\n  },\\n  {\\n    \\&quot;featureType\\&quot;: \\&quot;road\\&quot;,\\n    \\&quot;elementType\\&quot;: \\&quot;geometry.stroke\\&quot;,\\n    \\&quot;stylers\\&quot;: [\\n      { \\&quot;color\\&quot;: \\&quot;#bfbcb4\\&quot; }\\n    ]\\n  },\\n  {\\n    \\&quot;featureType\\&quot;: \\&quot;road.local\\&quot;,\\n    \\&quot;elementType\\&quot;: \\&quot;geometry\\&quot;,\\n    \\&quot;stylers\\&quot;: [\\n      { \\&quot;color\\&quot;: \\&quot;#c8c5bc\\&quot; }\\n    ]\\n  },\\n  {\\n    \\&quot;featureType\\&quot;: \\&quot;road.local\\&quot;,\\n    \\&quot;elementType\\&quot;: \\&quot;geometry.stroke\\&quot;,\\n    \\&quot;stylers\\&quot;: [\\n      { \\&quot;color\\&quot;: \\&quot;#bbb8af\\&quot; }\\n    ]\\n  },\\n  {\\n    \\&quot;featureType\\&quot;: \\&quot;road\\&quot;,\\n    \\&quot;elementType\\&quot;: \\&quot;labels.text.fill\\&quot;,\\n    \\&quot;stylers\\&quot;: [\\n      { \\&quot;color\\&quot;: \\&quot;#606b57\\&quot; }\\n    ]\\n  },\\n  {\\n    \\&quot;featureType\\&quot;: \\&quot;road.highway\\&quot;,\\n    \\&quot;elementType\\&quot;: \\&quot;geometry\\&quot;,\\n    \\&quot;stylers\\&quot;: [\\n      { \\&quot;color\\&quot;: \\&quot;#c6c4ba\\&quot; }\\n    ]\\n  },\\n  {\\n    \\&quot;featureType\\&quot;: \\&quot;road.highway.controlled_access\\&quot;,\\n    \\&quot;elementType\\&quot;: \\&quot;geometry\\&quot;,\\n    \\&quot;stylers\\&quot;: [\\n      { \\&quot;color\\&quot;: \\&quot;#b7b4aa\\&quot; }\\n    ]\\n  },\\n  {\\n    \\&quot;featureType\\&quot;: \\&quot;transit\\&quot;,\\n    \\&quot;elementType\\&quot;: \\&quot;labels.text.fill\\&quot;,\\n    \\&quot;stylers\\&quot;: [\\n      { \\&quot;color\\&quot;: \\&quot;#606b57\\&quot; }\\n    ]\\n  },\\n  {\\n    \\&quot;featureType\\&quot;: \\&quot;water\\&quot;,\\n    \\&quot;elementType\\&quot;: \\&quot;geometry\\&quot;,\\n    \\&quot;stylers\\&quot;: [\\n      { \\&quot;color\\&quot;: \\&quot;#dfe6df\\&quot; }\\n    ]\\n  },\\n  {\\n    \\&quot;featureType\\&quot;: \\&quot;water\\&quot;,\\n    \\&quot;elementType\\&quot;: \\&quot;labels.text.fill\\&quot;,\\n    \\&quot;stylers\\&quot;: [\\n      { \\&quot;color\\&quot;: \\&quot;#606b57\\&quot; }\\n    ]\\n  }\\n]\\n&quot;,&quot;center&quot;:{&quot;lat&quot;:35.69389,&quot;lng&quot;:139.702443}}\" data-markers=\"[{&quot;key&quot;:&quot;796e094&quot;,&quot;latitude&quot;:&quot;35.693890&quot;,&quot;longitude&quot;:&quot;139.702443&quot;,&quot;title&quot;:&quot;Tokyo&quot;,&quot;desc&quot;:&quot;&lt;p&gt;&lt;img class=\\&quot;wp-image-279 alignleft\\&quot; src=\\&quot;http:\\\/\\\/naturelcilt.com\\\/wp-content\\\/themes\\\/zarina\\\/ocdi\\\/uploads\\\/2025\\\/02\\\/location-marker.svg\\&quot; alt=\\&quot;\\&quot; width=\\&quot;20\\&quot; height=\\&quot;20\\&quot; \\\/&gt;No: 54 MN, Middle East\\u00a0 Street, Tokyo\\u00a0 - Japan&lt;\\\/p&gt;&lt;p&gt;&lt;img class=\\&quot;wp-image-122 alignleft\\&quot; src=\\&quot;http:\\\/\\\/naturelcilt.com\\\/wp-content\\\/themes\\\/zarina\\\/ocdi\\\/uploads\\\/2025\\\/02\\\/Telephone-icon.svg\\&quot; alt=\\&quot;\\&quot; width=\\&quot;17\\&quot; height=\\&quot;17\\&quot; \\\/&gt;&lt;a href=\\&quot;tel:123000456789\\&quot;&gt;123-000-456-789&lt;\\\/a&gt;&lt;\\\/p&gt;&lt;p&gt;&lt;img class=\\&quot;wp-image-278 alignleft\\&quot; src=\\&quot;http:\\\/\\\/naturelcilt.com\\\/wp-content\\\/themes\\\/zarina\\\/ocdi\\\/uploads\\\/2025\\\/02\\\/envelop-icon.svg\\&quot; alt=\\&quot;\\&quot; width=\\&quot;15\\&quot; height=\\&quot;15\\&quot; \\\/&gt;&lt;a href=\\&quot;mailto:info@gmail.com\\&quot;&gt;info@example.com&lt;\\\/a&gt;&lt;\\\/p&gt;&quot;,&quot;show_info_window&quot;:&quot;yes&quot;,&quot;load_info_window&quot;:&quot;click&quot;,&quot;marker_additional_details_type&quot;:&quot;default&quot;,&quot;marker_additional_details_default&quot;:&quot;&quot;,&quot;marker_additional_details_template&quot;:null}]\" data-marker-animation=\"soft-beat\" data-iw-max-width=\"240\"><\/div><\/div>\t\t\t\t<\/div>\n\t\t\t\t<\/div>\n\t\t\t\t<\/div>\n\t\t\t\t<\/div>\n\t\t","protected":false},"excerpt":{"rendered":"<p>Sosyal Medyada Biz @tlosolive.com Facebook\/ Instagram\/ Youtube\/ Twitter Adresimiz \u00c7amk\u00f6y Mah Mare\u015fal Fevzi \u00c7akmak Blv (T\u00fcrbe) No:50- 39 Fethiye Mu\u011fla Turkey Bizi Aray\u0131n +90 554 1805751 E-mail info@tlosolive.com \u00c7al\u0131\u015fma Saatlerimiz Pazartesi &#8211; Cumartesi : 09:00 &#8211; 17:00 arasi Bize Ula\u015fmak i\u00e7in<\/p>\n","protected":false},"author":1,"featured_media":0,"parent":0,"menu_order":0,"comment_status":"closed","ping_status":"closed","template":"elementor_header_footer","meta":{"footnotes":""},"class_list":["post-42","page","type-page","status-publish","hentry"],"aioseo_notices":[],"_links":{"self":[{"href":"https:\/\/naturelcilt.com\/index.php\/wp-json\/wp\/v2\/pages\/42","targetHints":{"allow":["GET"]}}],"collection":[{"href":"https:\/\/naturelcilt.com\/index.php\/wp-json\/wp\/v2\/pages"}],"about":[{"href":"https:\/\/naturelcilt.com\/index.php\/wp-json\/wp\/v2\/types\/page"}],"author":[{"embeddable":true,"href":"https:\/\/naturelcilt.com\/index.php\/wp-json\/wp\/v2\/users\/1"}],"replies":[{"embeddable":true,"href":"https:\/\/naturelcilt.com\/index.php\/wp-json\/wp\/v2\/comments?post=42"}],"version-history":[{"count":34,"href":"https:\/\/naturelcilt.com\/index.php\/wp-json\/wp\/v2\/pages\/42\/revisions"}],"predecessor-version":[{"id":4010,"href":"https:\/\/naturelcilt.com\/index.php\/wp-json\/wp\/v2\/pages\/42\/revisions\/4010"}],"wp:attachment":[{"href":"https:\/\/naturelcilt.com\/index.php\/wp-json\/wp\/v2\/media?parent=42"}],"curies":[{"name":"wp","href":"https:\/\/api.w.org\/{rel}","templated":true}]}}