{"id":347,"date":"2025-03-01T13:25:48","date_gmt":"2025-03-01T13:25:48","guid":{"rendered":"https:\/\/naturelcilt.com\/?page_id=347"},"modified":"2025-12-09T19:05:56","modified_gmt":"2025-12-09T19:05:56","slug":"blog-yazilarimiz","status":"publish","type":"page","link":"https:\/\/naturelcilt.com\/index.php\/blog-yazilarimiz\/","title":{"rendered":"Blog Yaz\u0131lar\u0131m\u0131z"},"content":{"rendered":"\t\t<div data-elementor-type=\"wp-page\" data-elementor-id=\"347\" class=\"elementor elementor-347\">\n\t\t\t\t<div class=\"elementor-element elementor-element-0b79566 e-con-full e-flex e-con e-parent\" data-id=\"0b79566\" data-element_type=\"container\">\n\t\t\t\t<div class=\"elementor-element elementor-element-59ef0f3 elementor-widget elementor-widget-wdt-blog-posts\" data-id=\"59ef0f3\" data-element_type=\"widget\" data-settings=\"{&quot;wdt_animation_effect&quot;:&quot;none&quot;}\" data-widget_type=\"wdt-blog-posts.default\">\n\t\t\t\t<div class=\"elementor-widget-container\">\n\t\t\t\t\t<div class=\"wdt-posts-list-wrapper  wdt-post-list-carousel-59ef0f3\" ><div class='tpl-blog-holder  apply-isotope  '><div class='grid-sizer  entry-list-layout wdt-simple-style entry-left-thumb wdt-scaleout-hover wdt-default-overlay column wdt-one-half wdt-post-entry '><\/div><div class=\" entry-list-layout wdt-simple-style entry-left-thumb wdt-scaleout-hover wdt-default-overlay column wdt-one-half wdt-post-entry  \"><article id=\"post-2750\" class=\"post-2750 post type-post status-publish format-standard has-post-thumbnail hentry category-uncategorized blog-entry\">\r\n\r\n\r\n\t<!-- Featured Image -->\r\n\t<div class=\"entry-thumb\">\r\n\t\t\r\n<div class=\"blog-image\"><a style=background-image:url(https:\/\/naturelcilt.com\/wp-content\/uploads\/2025\/04\/zeytin-hanim-serum.jpg) href=\"https:\/\/naturelcilt.com\/index.php\/2025\/12\/08\/squalenein-nemlendirme-antioksidan-koruma-bariyer-destegi-ve-yaslanma-karsiti-etkilerine-dair-kapsamli-modern-bir-inceleme\/\" title=\"Permalink to \u201cTokoferol ve Skualenin Cilt Sa\u011fl\u0131\u011f\u0131ndaki \u00c7ok \u0130\u015flevli Rollerinin A\u00e7\u0131klanmas\u0131.\u201d\/ \u201cExplicating the Multifunctional Roles of Tocotrienol and Squalene in Skin &#8211; Khalid, M. et al. (2024).\"><\/a><\/div>\r\n        <\/div><!-- Featured Image -->\r\n<!-- Entry Date -->\r\n<div class=\"entry-date\">\r\n\t<i class=\"wdticon-calendar\"> <\/i>\r\n\tAral\u0131k 8, 2025<\/div><!-- Entry Date -->\r\n<!-- Entry Title -->\r\n<div class=\"entry-title\">\r\n\t<h4>    \t<a href=\"https:\/\/naturelcilt.com\/index.php\/2025\/12\/08\/squalenein-nemlendirme-antioksidan-koruma-bariyer-destegi-ve-yaslanma-karsiti-etkilerine-dair-kapsamli-modern-bir-inceleme\/\" title=\"Permalink to \u201cTokoferol ve Skualenin Cilt Sa\u011fl\u0131\u011f\u0131ndaki \u00c7ok \u0130\u015flevli Rollerinin A\u00e7\u0131klanmas\u0131.\u201d\/ \u201cExplicating the Multifunctional Roles of Tocotrienol and Squalene in Skin &#8211; Khalid, M. et al. (2024).\">\u201cTokoferol ve Skualenin Cilt Sa\u011fl\u0131\u011f\u0131ndaki \u00c7ok \u0130\u015flevli Rollerinin A\u00e7\u0131klanmas\u0131.\u201d\/ \u201cExplicating the Multifunctional Roles of Tocotrienol and Squalene in Skin &#8211; Khalid, M. et al. (2024).<\/a>\r\n\t<\/h4>\r\n<\/div><!-- Entry Title -->\r\n\t<div class=\"entry-body\"><p>\u201cTokoferol ve Skualenin Cilt Sa\u011fl\u0131\u011f\u0131ndaki \u00c7ok \u0130\u015flevli Rollerinin...<\/p><\/div>\r\n\r\n<!-- Entry Button --><div class=\"entry-button wdt-core-button\"><a href=\"https:\/\/naturelcilt.com\/index.php\/2025\/12\/08\/squalenein-nemlendirme-antioksidan-koruma-bariyer-destegi-ve-yaslanma-karsiti-etkilerine-dair-kapsamli-modern-bir-inceleme\/\" title=\"\u201cTokoferol ve Skualenin Cilt Sa\u011fl\u0131\u011f\u0131ndaki \u00c7ok \u0130\u015flevli Rollerinin A\u00e7\u0131klanmas\u0131.\u201d\/ \u201cExplicating the Multifunctional Roles of Tocotrienol and Squalene in Skin &#8211; Khalid, M. et al. (2024).\" class=\"wdt-button\"><span class=\"entry-button-text\">Keep Reading<\/span><span class=\"entry-button-icon\"><svg xmlns=\"http:\/\/www.w3.org\/2000\/svg\" xmlns:xlink=\"http:\/\/www.w3.org\/1999\/xlink\" x=\"0px\" y=\"0px\" viewBox=\"0 0 100 100\" style=\"enable-background:new 0 0 100 100;\" xml:space=\"preserve\"><g>\t<path d=\"M66,82.5H54c0-10,4.3-19.4,12-26.5H2.2V44h64C58.6,37.1,54,27.8,54,17.5h12C66,32.1,80.3,44,97.8,44l0,0v12c0,0,0,0,0,0  C89.1,56,81,58.8,75,64C69.2,69,66,75.6,66,82.5z\"><\/path><\/g><\/svg><\/span><\/a><\/div><!-- Entry Button --><\/article><\/div><div class=\" entry-list-layout wdt-simple-style entry-left-thumb wdt-scaleout-hover wdt-default-overlay column wdt-one-half wdt-post-entry  \"><article id=\"post-1\" class=\"post-1 post type-post status-publish format-standard has-post-thumbnail hentry category-uncategorized blog-entry\">\r\n\r\n\r\n\t<!-- Featured Image -->\r\n\t<div class=\"entry-thumb\">\r\n\t\t\r\n<div class=\"blog-image\"><a style=background-image:url(https:\/\/naturelcilt.com\/wp-content\/uploads\/2025\/12\/a-dropper-with-serum-and-a-cute-bubble-on-a-beige-2025-10-06-20-38-31-utc2-scaled.jpg) href=\"https:\/\/naturelcilt.com\/index.php\/2025\/12\/02\/hello-world\/\" title=\"Permalink to \u201cSkualen: Biyolojik Etkileri ve Uygulama Alanlar\u0131.\u201d -\u00c7elik, A. &amp; Y\u0131ld\u0131z, S. (2023)\"><\/a><\/div>\r\n        <\/div><!-- Featured Image -->\r\n<!-- Entry Date -->\r\n<div class=\"entry-date\">\r\n\t<i class=\"wdticon-calendar\"> <\/i>\r\n\tAral\u0131k 2, 2025<\/div><!-- Entry Date -->\r\n<!-- Entry Title -->\r\n<div class=\"entry-title\">\r\n\t<h4>    \t<a href=\"https:\/\/naturelcilt.com\/index.php\/2025\/12\/02\/hello-world\/\" title=\"Permalink to \u201cSkualen: Biyolojik Etkileri ve Uygulama Alanlar\u0131.\u201d -\u00c7elik, A. &amp; Y\u0131ld\u0131z, S. (2023)\">\u201cSkualen: Biyolojik Etkileri ve Uygulama Alanlar\u0131.\u201d -\u00c7elik, A. &amp; Y\u0131ld\u0131z, S. (2023)<\/a>\r\n\t<\/h4>\r\n<\/div><!-- Entry Title -->\r\n\t<div class=\"entry-body\"><p>Skualen\u2019in biyolojik faydalar\u0131 ve kullan\u0131m alanlar\u0131 T\u00fcrk\u00e7e \u00f6zet...<\/p><\/div>\r\n\r\n<!-- Entry Button --><div class=\"entry-button wdt-core-button\"><a href=\"https:\/\/naturelcilt.com\/index.php\/2025\/12\/02\/hello-world\/\" title=\"\u201cSkualen: Biyolojik Etkileri ve Uygulama Alanlar\u0131.\u201d -\u00c7elik, A. &amp; Y\u0131ld\u0131z, S. (2023)\" class=\"wdt-button\"><span class=\"entry-button-text\">Keep Reading<\/span><span class=\"entry-button-icon\"><svg xmlns=\"http:\/\/www.w3.org\/2000\/svg\" xmlns:xlink=\"http:\/\/www.w3.org\/1999\/xlink\" x=\"0px\" y=\"0px\" viewBox=\"0 0 100 100\" style=\"enable-background:new 0 0 100 100;\" xml:space=\"preserve\"><g>\t<path d=\"M66,82.5H54c0-10,4.3-19.4,12-26.5H2.2V44h64C58.6,37.1,54,27.8,54,17.5h12C66,32.1,80.3,44,97.8,44l0,0v12c0,0,0,0,0,0  C89.1,56,81,58.8,75,64C69.2,69,66,75.6,66,82.5z\"><\/path><\/g><\/svg><\/span><\/a><\/div><!-- Entry Button --><\/article><\/div><div class=\" entry-list-layout wdt-simple-style entry-left-thumb wdt-scaleout-hover wdt-default-overlay column wdt-one-half wdt-post-entry  \"><article id=\"post-849\" class=\"post-849 post type-post status-publish format-standard has-post-thumbnail hentry category-skin-rejuvenation tag-skin-glow blog-entry\">\r\n\r\n\r\n\t<!-- Featured Image -->\r\n\t<div class=\"entry-thumb\">\r\n\t\t\r\n<div class=\"blog-image\"><a style=background-image:url(https:\/\/naturelcilt.com\/wp-content\/uploads\/2025\/04\/4lukizblog.jpg) href=\"https:\/\/naturelcilt.com\/index.php\/2025\/04\/08\/lip-enhancements-that-look-natural\/\" title=\"Permalink to \u201cSkualen ve T\u00fcrevlerinin Sentezi ve Farmakolojik Aktiviteleri \u00dczerine \u0130nceleme.\u201d \/ \u201cReview on Synthesis and Pharmacological Activities of Squalene and Derivatives.\u201d &#8211; Rahman, M. et al. (2025).\"><\/a><\/div>\r\n        <\/div><!-- Featured Image -->\r\n<!-- Entry Date -->\r\n<div class=\"entry-date\">\r\n\t<i class=\"wdticon-calendar\"> <\/i>\r\n\tNisan 8, 2025<\/div><!-- Entry Date -->\r\n<!-- Entry Title -->\r\n<div class=\"entry-title\">\r\n\t<h4>    \t<a href=\"https:\/\/naturelcilt.com\/index.php\/2025\/04\/08\/lip-enhancements-that-look-natural\/\" title=\"Permalink to \u201cSkualen ve T\u00fcrevlerinin Sentezi ve Farmakolojik Aktiviteleri \u00dczerine \u0130nceleme.\u201d \/ \u201cReview on Synthesis and Pharmacological Activities of Squalene and Derivatives.\u201d &#8211; Rahman, M. et al. (2025).\">\u201cSkualen ve T\u00fcrevlerinin Sentezi ve Farmakolojik Aktiviteleri \u00dczerine \u0130nceleme.\u201d \/ \u201cReview on Synthesis and Pharmacological Activities of Squalene and Derivatives.\u201d &#8211; Rahman, M. et al. (2025).<\/a>\r\n\t<\/h4>\r\n<\/div><!-- Entry Title -->\r\n\t<div class=\"entry-body\"><p>Skualen\u2019in biyolojik faydalar\u0131 ve kullan\u0131m alanlar\u0131 T\u00fcrk\u00e7e \u00f6zet...<\/p><\/div>\r\n\r\n<!-- Entry Button --><div class=\"entry-button wdt-core-button\"><a href=\"https:\/\/naturelcilt.com\/index.php\/2025\/04\/08\/lip-enhancements-that-look-natural\/\" title=\"\u201cSkualen ve T\u00fcrevlerinin Sentezi ve Farmakolojik Aktiviteleri \u00dczerine \u0130nceleme.\u201d \/ \u201cReview on Synthesis and Pharmacological Activities of Squalene and Derivatives.\u201d &#8211; Rahman, M. et al. (2025).\" class=\"wdt-button\"><span class=\"entry-button-text\">Keep Reading<\/span><span class=\"entry-button-icon\"><svg xmlns=\"http:\/\/www.w3.org\/2000\/svg\" xmlns:xlink=\"http:\/\/www.w3.org\/1999\/xlink\" x=\"0px\" y=\"0px\" viewBox=\"0 0 100 100\" style=\"enable-background:new 0 0 100 100;\" xml:space=\"preserve\"><g>\t<path d=\"M66,82.5H54c0-10,4.3-19.4,12-26.5H2.2V44h64C58.6,37.1,54,27.8,54,17.5h12C66,32.1,80.3,44,97.8,44l0,0v12c0,0,0,0,0,0  C89.1,56,81,58.8,75,64C69.2,69,66,75.6,66,82.5z\"><\/path><\/g><\/svg><\/span><\/a><\/div><!-- Entry Button --><\/article><\/div><div class=\" entry-list-layout wdt-simple-style entry-left-thumb wdt-scaleout-hover wdt-default-overlay column wdt-one-half wdt-post-entry  \"><article id=\"post-850\" class=\"post-850 post type-post status-publish format-standard has-post-thumbnail hentry category-body-contouring tag-laser-resurfacing blog-entry\">\r\n\r\n\r\n\t<!-- Featured Image -->\r\n\t<div class=\"entry-thumb\">\r\n\t\t\r\n<div class=\"blog-image\"><a style=background-image:url(https:\/\/naturelcilt.com\/wp-content\/uploads\/2025\/04\/beauty-serum-oil-or-girl-model-in-studio-on-beige-2025-04-06-10-19-54-utc2-scaled.jpg) href=\"https:\/\/naturelcilt.com\/index.php\/2025\/04\/08\/arm-lift-surgery-is-it-worth-it\/\" title=\"Permalink to \u201cSqualane: \u0130nsan Dermal Fibroblastlar\u0131nda UV Kaynakl\u0131 Kolajen Biyosentezinin ve Yara \u0130yile\u015fmesinin Engellenmesini Koruyan Umut Vadeden Bir Madde.\u201d Uluslararas\u0131 Molek\u00fcler Bilimler Dergisi. \/ \u201cSqualane as a Promising Agent Protecting UV-Induced Inhibition of Collagen Biosynthesis and Wound Healing in Human Dermal Fibroblast.\u201dInternational Journal of Molecular Sciences. &#8211; Kollar, F. et al. (2025).\"><\/a><\/div>\r\n        <\/div><!-- Featured Image -->\r\n<!-- Entry Date -->\r\n<div class=\"entry-date\">\r\n\t<i class=\"wdticon-calendar\"> <\/i>\r\n\tNisan 8, 2025<\/div><!-- Entry Date -->\r\n<!-- Entry Title -->\r\n<div class=\"entry-title\">\r\n\t<h4>    \t<a href=\"https:\/\/naturelcilt.com\/index.php\/2025\/04\/08\/arm-lift-surgery-is-it-worth-it\/\" title=\"Permalink to \u201cSqualane: \u0130nsan Dermal Fibroblastlar\u0131nda UV Kaynakl\u0131 Kolajen Biyosentezinin ve Yara \u0130yile\u015fmesinin Engellenmesini Koruyan Umut Vadeden Bir Madde.\u201d Uluslararas\u0131 Molek\u00fcler Bilimler Dergisi. \/ \u201cSqualane as a Promising Agent Protecting UV-Induced Inhibition of Collagen Biosynthesis and Wound Healing in Human Dermal Fibroblast.\u201dInternational Journal of Molecular Sciences. &#8211; Kollar, F. et al. (2025).\">\u201cSqualane: \u0130nsan Dermal Fibroblastlar\u0131nda UV Kaynakl\u0131 Kolajen Biyosentezinin ve Yara \u0130yile\u015fmesinin Engellenmesini Koruyan Umut Vadeden Bir Madde.\u201d Uluslararas\u0131 Molek\u00fcler Bilimler Dergisi. \/ \u201cSqualane as a Promising Agent Protecting UV-Induced Inhibition of Collagen Biosynthesis and Wound Healing in Human Dermal Fibroblast.\u201dInternational Journal of Molecular Sciences. &#8211; Kollar, F. et al. (2025).<\/a>\r\n\t<\/h4>\r\n<\/div><!-- Entry Title -->\r\n\t<div class=\"entry-body\"><p>Squalane\u2019in UV kaynakl\u0131 oksidatif stres kar\u015f\u0131s\u0131nda kolajen \u00fcretimini...<\/p><\/div>\r\n\r\n<!-- Entry Button --><div class=\"entry-button wdt-core-button\"><a href=\"https:\/\/naturelcilt.com\/index.php\/2025\/04\/08\/arm-lift-surgery-is-it-worth-it\/\" title=\"\u201cSqualane: \u0130nsan Dermal Fibroblastlar\u0131nda UV Kaynakl\u0131 Kolajen Biyosentezinin ve Yara \u0130yile\u015fmesinin Engellenmesini Koruyan Umut Vadeden Bir Madde.\u201d Uluslararas\u0131 Molek\u00fcler Bilimler Dergisi. \/ \u201cSqualane as a Promising Agent Protecting UV-Induced Inhibition of Collagen Biosynthesis and Wound Healing in Human Dermal Fibroblast.\u201dInternational Journal of Molecular Sciences. &#8211; Kollar, F. et al. (2025).\" class=\"wdt-button\"><span class=\"entry-button-text\">Keep Reading<\/span><span class=\"entry-button-icon\"><svg xmlns=\"http:\/\/www.w3.org\/2000\/svg\" xmlns:xlink=\"http:\/\/www.w3.org\/1999\/xlink\" x=\"0px\" y=\"0px\" viewBox=\"0 0 100 100\" style=\"enable-background:new 0 0 100 100;\" xml:space=\"preserve\"><g>\t<path d=\"M66,82.5H54c0-10,4.3-19.4,12-26.5H2.2V44h64C58.6,37.1,54,27.8,54,17.5h12C66,32.1,80.3,44,97.8,44l0,0v12c0,0,0,0,0,0  C89.1,56,81,58.8,75,64C69.2,69,66,75.6,66,82.5z\"><\/path><\/g><\/svg><\/span><\/a><\/div><!-- Entry Button --><\/article><\/div><div class=\" entry-list-layout wdt-simple-style entry-left-thumb wdt-scaleout-hover wdt-default-overlay column wdt-one-half wdt-post-entry  \"><article id=\"post-852\" class=\"post-852 post type-post status-publish format-standard has-post-thumbnail hentry category-skin-rejuvenation tag-laser-resurfacing blog-entry\">\r\n\r\n\r\n\t<!-- Featured Image -->\r\n\t<div class=\"entry-thumb\">\r\n\t\t\r\n<div class=\"blog-image\"><a style=background-image:url(https:\/\/naturelcilt.com\/wp-content\/uploads\/2025\/12\/beautiful-woman-making-skin-and-facial-beauty-trea-2025-03-13-14-11-23-utc-scaled.jpg) href=\"https:\/\/naturelcilt.com\/index.php\/2025\/04\/08\/whats-new-in-facial-rejuvenation\/\" title=\"Permalink to \u201cSkualen bazl\u0131 em\u00fclsyonun polifenollerin cilt penetrasyonu \u00fczerindeki etkisi.\u201d \/ \u201cEffect of squalane-based emulsion on polyphenols skin penetration.\u201d\"><\/a><\/div>\r\n        <\/div><!-- Featured Image -->\r\n<!-- Entry Date -->\r\n<div class=\"entry-date\">\r\n\t<i class=\"wdticon-calendar\"> <\/i>\r\n\tNisan 8, 2025<\/div><!-- Entry Date -->\r\n<!-- Entry Title -->\r\n<div class=\"entry-title\">\r\n\t<h4>    \t<a href=\"https:\/\/naturelcilt.com\/index.php\/2025\/04\/08\/whats-new-in-facial-rejuvenation\/\" title=\"Permalink to \u201cSkualen bazl\u0131 em\u00fclsyonun polifenollerin cilt penetrasyonu \u00fczerindeki etkisi.\u201d \/ \u201cEffect of squalane-based emulsion on polyphenols skin penetration.\u201d\">\u201cSkualen bazl\u0131 em\u00fclsyonun polifenollerin cilt penetrasyonu \u00fczerindeki etkisi.\u201d \/ \u201cEffect of squalane-based emulsion on polyphenols skin penetration.\u201d<\/a>\r\n\t<\/h4>\r\n<\/div><!-- Entry Title -->\r\n\t<div class=\"entry-body\"><p>Squalane bazl\u0131 em\u00fclsiyonlar\u0131n polifenol gibi aktif i\u00e7eriklerin cilt...<\/p><\/div>\r\n\r\n<!-- Entry Button --><div class=\"entry-button wdt-core-button\"><a href=\"https:\/\/naturelcilt.com\/index.php\/2025\/04\/08\/whats-new-in-facial-rejuvenation\/\" title=\"\u201cSkualen bazl\u0131 em\u00fclsyonun polifenollerin cilt penetrasyonu \u00fczerindeki etkisi.\u201d \/ \u201cEffect of squalane-based emulsion on polyphenols skin penetration.\u201d\" class=\"wdt-button\"><span class=\"entry-button-text\">Keep Reading<\/span><span class=\"entry-button-icon\"><svg xmlns=\"http:\/\/www.w3.org\/2000\/svg\" xmlns:xlink=\"http:\/\/www.w3.org\/1999\/xlink\" x=\"0px\" y=\"0px\" viewBox=\"0 0 100 100\" style=\"enable-background:new 0 0 100 100;\" xml:space=\"preserve\"><g>\t<path d=\"M66,82.5H54c0-10,4.3-19.4,12-26.5H2.2V44h64C58.6,37.1,54,27.8,54,17.5h12C66,32.1,80.3,44,97.8,44l0,0v12c0,0,0,0,0,0  C89.1,56,81,58.8,75,64C69.2,69,66,75.6,66,82.5z\"><\/path><\/g><\/svg><\/span><\/a><\/div><!-- Entry Button --><\/article><\/div><div class=\" entry-list-layout wdt-simple-style entry-left-thumb wdt-scaleout-hover wdt-default-overlay column wdt-one-half wdt-post-entry  \"><article id=\"post-853\" class=\"post-853 post type-post status-publish format-standard has-post-thumbnail hentry category-non-surgical-treatments tag-skin-glow blog-entry\">\r\n\r\n\r\n\t<!-- Featured Image -->\r\n\t<div class=\"entry-thumb\">\r\n\t\t\r\n<div class=\"blog-image\"><a style=background-image:url(https:\/\/naturelcilt.com\/wp-content\/uploads\/2025\/12\/spa-product-jade-roller-and-gua-sha-with-face-cre-2025-02-12-19-26-13-utc-scaled.jpg) href=\"https:\/\/naturelcilt.com\/index.php\/2025\/04\/08\/when-will-i-see-my-final-results\/\" title=\"Permalink to \u201cC Vitamini\u2013Skualen Biyokonjugat\u0131 \u0130nsan Derisinde Epidermis Kal\u0131nla\u015fmas\u0131n\u0131 ve Kolajen \u00dcretimini Art\u0131r\u0131r.\u201d\/ \u201cVitamin C\u2013Squalene Bioconjugate Promotes Epidermal Thickening and Collagen Production in Human Skin.\u201d- Hattori, Y. et al. (2020).\"><\/a><\/div>\r\n        <\/div><!-- Featured Image -->\r\n<!-- Entry Date -->\r\n<div class=\"entry-date\">\r\n\t<i class=\"wdticon-calendar\"> <\/i>\r\n\tNisan 8, 2025<\/div><!-- Entry Date -->\r\n<!-- Entry Title -->\r\n<div class=\"entry-title\">\r\n\t<h4>    \t<a href=\"https:\/\/naturelcilt.com\/index.php\/2025\/04\/08\/when-will-i-see-my-final-results\/\" title=\"Permalink to \u201cC Vitamini\u2013Skualen Biyokonjugat\u0131 \u0130nsan Derisinde Epidermis Kal\u0131nla\u015fmas\u0131n\u0131 ve Kolajen \u00dcretimini Art\u0131r\u0131r.\u201d\/ \u201cVitamin C\u2013Squalene Bioconjugate Promotes Epidermal Thickening and Collagen Production in Human Skin.\u201d- Hattori, Y. et al. (2020).\">\u201cC Vitamini\u2013Skualen Biyokonjugat\u0131 \u0130nsan Derisinde Epidermis Kal\u0131nla\u015fmas\u0131n\u0131 ve Kolajen \u00dcretimini Art\u0131r\u0131r.\u201d\/ \u201cVitamin C\u2013Squalene Bioconjugate Promotes Epidermal Thickening and Collagen Production in Human Skin.\u201d- Hattori, Y. et al. (2020).<\/a>\r\n\t<\/h4>\r\n<\/div><!-- Entry Title -->\r\n\t<div class=\"entry-body\"><p>Squalene\u2019in C vitamini ile birle\u015fti\u011finde kolajen art\u0131\u015f\u0131 ve...<\/p><\/div>\r\n\r\n<!-- Entry Button --><div class=\"entry-button wdt-core-button\"><a href=\"https:\/\/naturelcilt.com\/index.php\/2025\/04\/08\/when-will-i-see-my-final-results\/\" title=\"\u201cC Vitamini\u2013Skualen Biyokonjugat\u0131 \u0130nsan Derisinde Epidermis Kal\u0131nla\u015fmas\u0131n\u0131 ve Kolajen \u00dcretimini Art\u0131r\u0131r.\u201d\/ \u201cVitamin C\u2013Squalene Bioconjugate Promotes Epidermal Thickening and Collagen Production in Human Skin.\u201d- Hattori, Y. et al. (2020).\" class=\"wdt-button\"><span class=\"entry-button-text\">Keep Reading<\/span><span class=\"entry-button-icon\"><svg xmlns=\"http:\/\/www.w3.org\/2000\/svg\" xmlns:xlink=\"http:\/\/www.w3.org\/1999\/xlink\" x=\"0px\" y=\"0px\" viewBox=\"0 0 100 100\" style=\"enable-background:new 0 0 100 100;\" xml:space=\"preserve\"><g>\t<path d=\"M66,82.5H54c0-10,4.3-19.4,12-26.5H2.2V44h64C58.6,37.1,54,27.8,54,17.5h12C66,32.1,80.3,44,97.8,44l0,0v12c0,0,0,0,0,0  C89.1,56,81,58.8,75,64C69.2,69,66,75.6,66,82.5z\"><\/path><\/g><\/svg><\/span><\/a><\/div><!-- Entry Button --><\/article><\/div><\/div><div class=\"pagination blog-pagination\"><\/div><\/div>\t\t\t\t<\/div>\n\t\t\t\t<\/div>\n\t\t\t\t<\/div>\n\t\t\t\t<\/div>\n\t\t","protected":false},"excerpt":{"rendered":"<p>Aral\u0131k 8, 2025 deneme yap\u0131yoruz \u201cTokoferol ve Skualenin Cilt Sa\u011fl\u0131\u011f\u0131ndaki \u00c7ok \u0130\u015flevli Rollerinin&#8230; Keep Reading Aral\u0131k 2, 2025 \u201cSkualen: Biyolojik Etkileri ve Uygulama Alanlar\u0131.\u201d -\u00c7elik, A. &amp; Y\u0131ld\u0131z, S. (2023) Skualen\u2019in biyolojik faydalar\u0131 ve kullan\u0131m alanlar\u0131 T\u00fcrk\u00e7e \u00f6zet&#8230; Keep Reading Nisan 8, 2025 \u201cSkualen ve T\u00fcrevlerinin Sentezi ve Farmakolojik Aktiviteleri \u00dczerine \u0130nceleme.\u201d \/ \u201cReview on [&hellip;]<\/p>\n","protected":false},"author":1,"featured_media":0,"parent":0,"menu_order":0,"comment_status":"closed","ping_status":"closed","template":"","meta":{"footnotes":""},"class_list":["post-347","page","type-page","status-publish","hentry","blog-entry","format-standard"],"aioseo_notices":[],"_links":{"self":[{"href":"https:\/\/naturelcilt.com\/index.php\/wp-json\/wp\/v2\/pages\/347","targetHints":{"allow":["GET"]}}],"collection":[{"href":"https:\/\/naturelcilt.com\/index.php\/wp-json\/wp\/v2\/pages"}],"about":[{"href":"https:\/\/naturelcilt.com\/index.php\/wp-json\/wp\/v2\/types\/page"}],"author":[{"embeddable":true,"href":"https:\/\/naturelcilt.com\/index.php\/wp-json\/wp\/v2\/users\/1"}],"replies":[{"embeddable":true,"href":"https:\/\/naturelcilt.com\/index.php\/wp-json\/wp\/v2\/comments?post=347"}],"version-history":[{"count":4,"href":"https:\/\/naturelcilt.com\/index.php\/wp-json\/wp\/v2\/pages\/347\/revisions"}],"predecessor-version":[{"id":2866,"href":"https:\/\/naturelcilt.com\/index.php\/wp-json\/wp\/v2\/pages\/347\/revisions\/2866"}],"wp:attachment":[{"href":"https:\/\/naturelcilt.com\/index.php\/wp-json\/wp\/v2\/media?parent=347"}],"curies":[{"name":"wp","href":"https:\/\/api.w.org\/{rel}","templated":true}]}}